{"id":19,"date":"2020-11-16T15:18:49","date_gmt":"2020-11-16T15:18:49","guid":{"rendered":"http:\/\/blume-schoene-bilder.de\/?page_id=19"},"modified":"2021-02-11T10:20:26","modified_gmt":"2021-02-11T10:20:26","slug":"kontakt","status":"publish","type":"page","link":"https:\/\/blume-schoene-bilder.de\/?page_id=19","title":{"rendered":"Kontakt &#038; Impressum"},"content":{"rendered":"\n<p>Ansprechpartner:<\/p>\n\n\n\n<p>Simon Blume<br>Tel.: 0160 470 31 69<\/p>\n\n\n\n<p>E-Mail: info@blume-schoene-bilder.de<\/p>\n\n\n\n<hr class=\"wp-block-separator is-style-wide\"\/>\n\n\n\n<p><\/p>\n\n\n\n<p><em>Impressum:&nbsp;<\/em><\/p>\n\n\n\n<p>\u201eBlume-Sch\u00f6ne-Bilder\u201c ist Teil der&nbsp;<\/p>\n\n\n\n<p>Blume Unternehmensberatung UG (haftungsbeschr\u00e4nkt),<br>Buchenweg 22, 53359 Rheinbach.&nbsp;<\/p>\n\n\n\n<p>Gesellschafter: Simon und Stephanie Blume<br>Gesch\u00e4ftsf\u00fchrer: Simon Blume<\/p>\n\n\n\n<p>Amtsgericht Bonn HRB 24205&nbsp;<\/p>\n","protected":false},"excerpt":{"rendered":"<p>Ansprechpartner: Simon BlumeTel.: 0160 470 31 69 E-Mail: info@blume-schoene-bilder.de Impressum:&nbsp; \u201eBlume-Sch\u00f6ne-Bilder\u201c ist Teil der&nbsp; Blume Unternehmensberatung UG (haftungsbeschr\u00e4nkt),Buchenweg 22, 53359 Rheinbach.&nbsp; Gesellschafter: Simon und Stephanie BlumeGesch\u00e4ftsf\u00fchrer: Simon Blume Amtsgericht Bonn HRB 24205&nbsp;<\/p>\n","protected":false},"author":1,"featured_media":0,"parent":0,"menu_order":0,"comment_status":"closed","ping_status":"closed","template":"","meta":{"ngg_post_thumbnail":0,"footnotes":""},"class_list":["post-19","page","type-page","status-publish","hentry","no-post-thumbnail","post-grid-2-col","entry"],"_links":{"self":[{"href":"https:\/\/blume-schoene-bilder.de\/index.php?rest_route=\/wp\/v2\/pages\/19","targetHints":{"allow":["GET"]}}],"collection":[{"href":"https:\/\/blume-schoene-bilder.de\/index.php?rest_route=\/wp\/v2\/pages"}],"about":[{"href":"https:\/\/blume-schoene-bilder.de\/index.php?rest_route=\/wp\/v2\/types\/page"}],"author":[{"embeddable":true,"href":"https:\/\/blume-schoene-bilder.de\/index.php?rest_route=\/wp\/v2\/users\/1"}],"replies":[{"embeddable":true,"href":"https:\/\/blume-schoene-bilder.de\/index.php?rest_route=%2Fwp%2Fv2%2Fcomments&post=19"}],"version-history":[{"count":3,"href":"https:\/\/blume-schoene-bilder.de\/index.php?rest_route=\/wp\/v2\/pages\/19\/revisions"}],"predecessor-version":[{"id":198,"href":"https:\/\/blume-schoene-bilder.de\/index.php?rest_route=\/wp\/v2\/pages\/19\/revisions\/198"}],"wp:attachment":[{"href":"https:\/\/blume-schoene-bilder.de\/index.php?rest_route=%2Fwp%2Fv2%2Fmedia&parent=19"}],"curies":[{"name":"wp","href":"https:\/\/api.w.org\/{rel}","templated":true}]}}