{"id":228,"date":"2021-02-11T11:19:07","date_gmt":"2021-02-11T11:19:07","guid":{"rendered":"http:\/\/blume-schoene-bilder.de\/?page_id=228"},"modified":"2021-02-16T13:16:04","modified_gmt":"2021-02-16T13:16:04","slug":"galerie-black-white-the-past","status":"publish","type":"page","link":"https:\/\/blume-schoene-bilder.de\/?page_id=228","title":{"rendered":"Galerie &#8222;Black &#038; White &#8211; The Past&#8220;"},"content":{"rendered":"\n<p>Die hier dargestellten Bilder sind zu erwerben! Bitte sprechen Sie uns einfach an, wenn Sie Interesse haben\u2026<\/p>\n\n\n\n<!-- default-view.php -->\n<div\n\tclass=\"ngg-galleryoverview default-view \"\n\tid=\"ngg-gallery-8ef0c1835b802ec808b6f97719459501-1\">\n\n\t\t<!-- Thumbnails -->\n\t\t\t\t<div id=\"ngg-image-0\" class=\"ngg-gallery-thumbnail-box \" >\n\t\t\t\t        <div class=\"ngg-gallery-thumbnail\">\n            <a href=\"https:\/\/blume-schoene-bilder.de\/wp-content\/gallery\/black-white-the-past\/A-10-R5-B6-Abzug-1.jpg\"\n               title=\"\"\n               data-src=\"https:\/\/blume-schoene-bilder.de\/wp-content\/gallery\/black-white-the-past\/A-10-R5-B6-Abzug-1.jpg\"\n               data-thumbnail=\"https:\/\/blume-schoene-bilder.de\/wp-content\/gallery\/black-white-the-past\/thumbs\/thumbs_A-10-R5-B6-Abzug-1.jpg\"\n               data-image-id=\"17\"\n               data-title=\"A-10-R5-B6-Abzug-1\"\n               data-description=\"\"\n               data-image-slug=\"a-10-r5-b6-abzug-1\"\n               class=\"ngg-simplelightbox\" rel=\"8ef0c1835b802ec808b6f97719459501\">\n                <img\n                    title=\"A-10-R5-B6-Abzug-1\"\n                    alt=\"A-10-R5-B6-Abzug-1\"\n                    src=\"https:\/\/blume-schoene-bilder.de\/wp-content\/gallery\/black-white-the-past\/thumbs\/thumbs_A-10-R5-B6-Abzug-1.jpg\"\n                    width=\"240\"\n                    height=\"160\"\n                    style=\"max-width:100%;\"\n                \/>\n            <\/a>\n        <\/div>\n\t\t\t\t\t\t\t<\/div> \n\t\t\t\n\t\t\t\t<div id=\"ngg-image-1\" class=\"ngg-gallery-thumbnail-box \" >\n\t\t\t\t        <div class=\"ngg-gallery-thumbnail\">\n            <a href=\"https:\/\/blume-schoene-bilder.de\/wp-content\/gallery\/black-white-the-past\/A-2-R1-B5-Abzug-3.jpg\"\n               title=\"\"\n               data-src=\"https:\/\/blume-schoene-bilder.de\/wp-content\/gallery\/black-white-the-past\/A-2-R1-B5-Abzug-3.jpg\"\n               data-thumbnail=\"https:\/\/blume-schoene-bilder.de\/wp-content\/gallery\/black-white-the-past\/thumbs\/thumbs_A-2-R1-B5-Abzug-3.jpg\"\n               data-image-id=\"19\"\n               data-title=\"A-2-R1-B5-Abzug-3\"\n               data-description=\"\"\n               data-image-slug=\"a-2-r1-b5-abzug-3\"\n               class=\"ngg-simplelightbox\" rel=\"8ef0c1835b802ec808b6f97719459501\">\n                <img\n                    title=\"A-2-R1-B5-Abzug-3\"\n                    alt=\"A-2-R1-B5-Abzug-3\"\n                    src=\"https:\/\/blume-schoene-bilder.de\/wp-content\/gallery\/black-white-the-past\/thumbs\/thumbs_A-2-R1-B5-Abzug-3.jpg\"\n                    width=\"240\"\n                    height=\"160\"\n                    style=\"max-width:100%;\"\n                \/>\n            <\/a>\n        <\/div>\n\t\t\t\t\t\t\t<\/div> \n\t\t\t\n\t\t\t\t<div id=\"ngg-image-2\" class=\"ngg-gallery-thumbnail-box \" >\n\t\t\t\t        <div class=\"ngg-gallery-thumbnail\">\n            <a href=\"https:\/\/blume-schoene-bilder.de\/wp-content\/gallery\/black-white-the-past\/1_A-5-R2-B5-Abzug-1.jpg\"\n               title=\"\"\n               data-src=\"https:\/\/blume-schoene-bilder.de\/wp-content\/gallery\/black-white-the-past\/1_A-5-R2-B5-Abzug-1.jpg\"\n               data-thumbnail=\"https:\/\/blume-schoene-bilder.de\/wp-content\/gallery\/black-white-the-past\/thumbs\/thumbs_1_A-5-R2-B5-Abzug-1.jpg\"\n               data-image-id=\"22\"\n               data-title=\"1_A-5-R2-B5-Abzug-1\"\n               data-description=\"\"\n               data-image-slug=\"1_a-5-r2-b5-abzug-1\"\n               class=\"ngg-simplelightbox\" rel=\"8ef0c1835b802ec808b6f97719459501\">\n                <img\n                    title=\"1_A-5-R2-B5-Abzug-1\"\n                    alt=\"1_A-5-R2-B5-Abzug-1\"\n                    src=\"https:\/\/blume-schoene-bilder.de\/wp-content\/gallery\/black-white-the-past\/thumbs\/thumbs_1_A-5-R2-B5-Abzug-1.jpg\"\n                    width=\"240\"\n                    height=\"160\"\n                    style=\"max-width:100%;\"\n                \/>\n            <\/a>\n        <\/div>\n\t\t\t\t\t\t\t<\/div> \n\t\t\t\n\t\t\t\t<div id=\"ngg-image-3\" class=\"ngg-gallery-thumbnail-box \" >\n\t\t\t\t        <div class=\"ngg-gallery-thumbnail\">\n            <a href=\"https:\/\/blume-schoene-bilder.de\/wp-content\/gallery\/black-white-the-past\/1_A-6-R3-B5-Abzug-1.jpg\"\n               title=\"\"\n               data-src=\"https:\/\/blume-schoene-bilder.de\/wp-content\/gallery\/black-white-the-past\/1_A-6-R3-B5-Abzug-1.jpg\"\n               data-thumbnail=\"https:\/\/blume-schoene-bilder.de\/wp-content\/gallery\/black-white-the-past\/thumbs\/thumbs_1_A-6-R3-B5-Abzug-1.jpg\"\n               data-image-id=\"24\"\n               data-title=\"1_A-6-R3-B5-Abzug-1\"\n               data-description=\"\"\n               data-image-slug=\"1_a-6-r3-b5-abzug-1\"\n               class=\"ngg-simplelightbox\" rel=\"8ef0c1835b802ec808b6f97719459501\">\n                <img\n                    title=\"1_A-6-R3-B5-Abzug-1\"\n                    alt=\"1_A-6-R3-B5-Abzug-1\"\n                    src=\"https:\/\/blume-schoene-bilder.de\/wp-content\/gallery\/black-white-the-past\/thumbs\/thumbs_1_A-6-R3-B5-Abzug-1.jpg\"\n                    width=\"240\"\n                    height=\"160\"\n                    style=\"max-width:100%;\"\n                \/>\n            <\/a>\n        <\/div>\n\t\t\t\t\t\t\t<\/div> \n\t\t\t\n\t\t\t\t<div id=\"ngg-image-4\" class=\"ngg-gallery-thumbnail-box \" >\n\t\t\t\t        <div class=\"ngg-gallery-thumbnail\">\n            <a href=\"https:\/\/blume-schoene-bilder.de\/wp-content\/gallery\/black-white-the-past\/scan-7.jpg\"\n               title=\"\"\n               data-src=\"https:\/\/blume-schoene-bilder.de\/wp-content\/gallery\/black-white-the-past\/scan-7.jpg\"\n               data-thumbnail=\"https:\/\/blume-schoene-bilder.de\/wp-content\/gallery\/black-white-the-past\/thumbs\/thumbs_scan-7.jpg\"\n               data-image-id=\"74\"\n               data-title=\"scan-7\"\n               data-description=\"\"\n               data-image-slug=\"scan-7\"\n               class=\"ngg-simplelightbox\" rel=\"8ef0c1835b802ec808b6f97719459501\">\n                <img\n                    title=\"scan-7\"\n                    alt=\"scan-7\"\n                    src=\"https:\/\/blume-schoene-bilder.de\/wp-content\/gallery\/black-white-the-past\/thumbs\/thumbs_scan-7.jpg\"\n                    width=\"240\"\n                    height=\"160\"\n                    style=\"max-width:100%;\"\n                \/>\n            <\/a>\n        <\/div>\n\t\t\t\t\t\t\t<\/div> \n\t\t\t\n\t\t\t\t<div id=\"ngg-image-5\" class=\"ngg-gallery-thumbnail-box \" >\n\t\t\t\t        <div class=\"ngg-gallery-thumbnail\">\n            <a href=\"https:\/\/blume-schoene-bilder.de\/wp-content\/gallery\/black-white-the-past\/scan-6.jpg\"\n               title=\"\"\n               data-src=\"https:\/\/blume-schoene-bilder.de\/wp-content\/gallery\/black-white-the-past\/scan-6.jpg\"\n               data-thumbnail=\"https:\/\/blume-schoene-bilder.de\/wp-content\/gallery\/black-white-the-past\/thumbs\/thumbs_scan-6.jpg\"\n               data-image-id=\"75\"\n               data-title=\"scan-6\"\n               data-description=\"\"\n               data-image-slug=\"scan-6\"\n               class=\"ngg-simplelightbox\" rel=\"8ef0c1835b802ec808b6f97719459501\">\n                <img\n                    title=\"scan-6\"\n                    alt=\"scan-6\"\n                    src=\"https:\/\/blume-schoene-bilder.de\/wp-content\/gallery\/black-white-the-past\/thumbs\/thumbs_scan-6.jpg\"\n                    width=\"240\"\n                    height=\"160\"\n                    style=\"max-width:100%;\"\n                \/>\n            <\/a>\n        <\/div>\n\t\t\t\t\t\t\t<\/div> \n\t\t\t\n\t\t\t\t<div id=\"ngg-image-6\" class=\"ngg-gallery-thumbnail-box \" >\n\t\t\t\t        <div class=\"ngg-gallery-thumbnail\">\n            <a href=\"https:\/\/blume-schoene-bilder.de\/wp-content\/gallery\/black-white-the-past\/scan-4.jpg\"\n               title=\"\"\n               data-src=\"https:\/\/blume-schoene-bilder.de\/wp-content\/gallery\/black-white-the-past\/scan-4.jpg\"\n               data-thumbnail=\"https:\/\/blume-schoene-bilder.de\/wp-content\/gallery\/black-white-the-past\/thumbs\/thumbs_scan-4.jpg\"\n               data-image-id=\"76\"\n               data-title=\"scan-4\"\n               data-description=\"\"\n               data-image-slug=\"scan-4\"\n               class=\"ngg-simplelightbox\" rel=\"8ef0c1835b802ec808b6f97719459501\">\n                <img\n                    title=\"scan-4\"\n                    alt=\"scan-4\"\n                    src=\"https:\/\/blume-schoene-bilder.de\/wp-content\/gallery\/black-white-the-past\/thumbs\/thumbs_scan-4.jpg\"\n                    width=\"240\"\n                    height=\"160\"\n                    style=\"max-width:100%;\"\n                \/>\n            <\/a>\n        <\/div>\n\t\t\t\t\t\t\t<\/div> \n\t\t\t\n\t\n\t<br style=\"clear: both\" \/>\n\n\t\n\t\t<!-- Pagination -->\n\t<div class='ngg-clear'><\/div>\t<\/div>\n\n\n\n\n<p>Digitale Abz\u00fcge gibt es hier nicht. F\u00fcr analoge Abz\u00fcge schreiben Sie uns an, oder senden eine gute alte E-Mail. <\/p>\n","protected":false},"excerpt":{"rendered":"<p>Die hier dargestellten Bilder sind zu erwerben! Bitte sprechen Sie uns einfach an, wenn Sie Interesse haben\u2026 Digitale Abz\u00fcge gibt es hier nicht. F\u00fcr analoge Abz\u00fcge schreiben Sie uns an, oder senden eine gute alte E-Mail.<\/p>\n","protected":false},"author":1,"featured_media":0,"parent":0,"menu_order":0,"comment_status":"closed","ping_status":"closed","template":"","meta":{"ngg_post_thumbnail":0,"footnotes":""},"class_list":["post-228","page","type-page","status-publish","hentry","no-post-thumbnail","post-grid-2-col","entry"],"_links":{"self":[{"href":"https:\/\/blume-schoene-bilder.de\/index.php?rest_route=\/wp\/v2\/pages\/228","targetHints":{"allow":["GET"]}}],"collection":[{"href":"https:\/\/blume-schoene-bilder.de\/index.php?rest_route=\/wp\/v2\/pages"}],"about":[{"href":"https:\/\/blume-schoene-bilder.de\/index.php?rest_route=\/wp\/v2\/types\/page"}],"author":[{"embeddable":true,"href":"https:\/\/blume-schoene-bilder.de\/index.php?rest_route=\/wp\/v2\/users\/1"}],"replies":[{"embeddable":true,"href":"https:\/\/blume-schoene-bilder.de\/index.php?rest_route=%2Fwp%2Fv2%2Fcomments&post=228"}],"version-history":[{"count":2,"href":"https:\/\/blume-schoene-bilder.de\/index.php?rest_route=\/wp\/v2\/pages\/228\/revisions"}],"predecessor-version":[{"id":327,"href":"https:\/\/blume-schoene-bilder.de\/index.php?rest_route=\/wp\/v2\/pages\/228\/revisions\/327"}],"wp:attachment":[{"href":"https:\/\/blume-schoene-bilder.de\/index.php?rest_route=%2Fwp%2Fv2%2Fmedia&parent=228"}],"curies":[{"name":"wp","href":"https:\/\/api.w.org\/{rel}","templated":true}]}}