{"id":296,"date":"2021-02-16T08:57:29","date_gmt":"2021-02-16T08:57:29","guid":{"rendered":"http:\/\/blume-schoene-bilder.de\/?page_id=296"},"modified":"2021-02-16T08:57:56","modified_gmt":"2021-02-16T08:57:56","slug":"digitale-fotografie","status":"publish","type":"page","link":"https:\/\/blume-schoene-bilder.de\/?page_id=296","title":{"rendered":"Digitale Fotografie"},"content":{"rendered":"\n<p>Unser Hauptinvestition in die digitale Fotografie ist weiterhin die Zeit. Da hat sich gegen\u00fcber der analogen Fotografie nichts ge\u00e4ndert, auch wenn die Anzahl der Bilder sich deutlich erh\u00f6ht hat.<\/p>\n\n\n\n<p>Aber Vorbereitung, Ruhe vor dem Ausl\u00f6ser und Nachbearbeitung haben in Summe wohl keinen Geschwindigkeitsvorteil gegen\u00fcber der analogen Fotografie hervorgebracht. <\/p>\n\n\n\n<p>Die Resultate sind allerdings ungemein vielf\u00e4ltiger und dynamischer als jemals zuvor. <\/p>\n\n\n\n<p>Trotzdem sind wir mehr denn je mit Stativ und ohne Bildstabilisator unterwegs. F\u00fcr unsere Landschaften benutzen wir eine Canon EOS 5dsr -50,6 MP &#8211; die jede Unsch\u00e4rfe und jeden Verwackler ganz schnell deutlich macht. <\/p>\n\n\n\n<p>Unsere Hauptausr\u00fcstung:<\/p>\n\n\n\n<ul class=\"wp-block-list\"><li>Canon 5DS R<\/li><li>Canon 6D Mark II<\/li><li>Canon 6D<\/li><\/ul>\n\n\n\n<p><\/p>\n","protected":false},"excerpt":{"rendered":"<p>Unser Hauptinvestition in die digitale Fotografie ist weiterhin die Zeit. Da hat sich gegen\u00fcber der analogen Fotografie nichts ge\u00e4ndert, auch wenn die Anzahl der Bilder sich deutlich erh\u00f6ht hat. Aber Vorbereitung, Ruhe vor dem Ausl\u00f6ser und Nachbearbeitung haben in Summe wohl keinen Geschwindigkeitsvorteil gegen\u00fcber der analogen Fotografie hervorgebracht. Die Resultate sind allerdings ungemein vielf\u00e4ltiger und&hellip;<\/p>\n","protected":false},"author":1,"featured_media":0,"parent":0,"menu_order":0,"comment_status":"closed","ping_status":"closed","template":"","meta":{"ngg_post_thumbnail":0,"footnotes":""},"class_list":["post-296","page","type-page","status-publish","hentry","no-post-thumbnail","post-grid-2-col","entry"],"_links":{"self":[{"href":"https:\/\/blume-schoene-bilder.de\/index.php?rest_route=\/wp\/v2\/pages\/296","targetHints":{"allow":["GET"]}}],"collection":[{"href":"https:\/\/blume-schoene-bilder.de\/index.php?rest_route=\/wp\/v2\/pages"}],"about":[{"href":"https:\/\/blume-schoene-bilder.de\/index.php?rest_route=\/wp\/v2\/types\/page"}],"author":[{"embeddable":true,"href":"https:\/\/blume-schoene-bilder.de\/index.php?rest_route=\/wp\/v2\/users\/1"}],"replies":[{"embeddable":true,"href":"https:\/\/blume-schoene-bilder.de\/index.php?rest_route=%2Fwp%2Fv2%2Fcomments&post=296"}],"version-history":[{"count":2,"href":"https:\/\/blume-schoene-bilder.de\/index.php?rest_route=\/wp\/v2\/pages\/296\/revisions"}],"predecessor-version":[{"id":299,"href":"https:\/\/blume-schoene-bilder.de\/index.php?rest_route=\/wp\/v2\/pages\/296\/revisions\/299"}],"wp:attachment":[{"href":"https:\/\/blume-schoene-bilder.de\/index.php?rest_route=%2Fwp%2Fv2%2Fmedia&parent=296"}],"curies":[{"name":"wp","href":"https:\/\/api.w.org\/{rel}","templated":true}]}}