{"id":35,"date":"2020-11-26T13:29:41","date_gmt":"2020-11-26T13:29:41","guid":{"rendered":"http:\/\/blume-schoene-bilder.de\/?page_id=35"},"modified":"2021-02-12T14:41:11","modified_gmt":"2021-02-12T14:41:11","slug":"galerien","status":"publish","type":"page","link":"https:\/\/blume-schoene-bilder.de\/?page_id=35","title":{"rendered":"Galerien"},"content":{"rendered":"\n<p>Auf dieser Seite sind nur Bilder-Galerien zusammengefasst, deren Bilder Sie bei uns auch erhalten k\u00f6nnen. Wenn Sie also etwas f\u00fcr sich entdecken, sprechen Sie uns doch einfach an!<\/p>\n\n\n\n<div class=\"wp-block-columns is-layout-flex wp-container-core-columns-is-layout-9d6595d7 wp-block-columns-is-layout-flex\">\n<div class=\"wp-block-column is-layout-flow wp-block-column-is-layout-flow\" style=\"flex-basis:100%\">\n<div class=\"wp-block-media-text alignwide is-stacked-on-mobile\" style=\"grid-template-columns:19% auto\"><figure class=\"wp-block-media-text__media\"><a href=\"https:\/\/blume-schoene-bilder.de\/?page_id=175\"><img loading=\"lazy\" decoding=\"async\" width=\"683\" height=\"1024\" src=\"http:\/\/blume-schoene-bilder.de\/wp-content\/uploads\/2021\/02\/IMG_8277-683x1024.jpg\" alt=\"\" class=\"wp-image-278 size-full\" srcset=\"https:\/\/blume-schoene-bilder.de\/wp-content\/uploads\/2021\/02\/IMG_8277-683x1024.jpg 683w, https:\/\/blume-schoene-bilder.de\/wp-content\/uploads\/2021\/02\/IMG_8277-200x300.jpg 200w, https:\/\/blume-schoene-bilder.de\/wp-content\/uploads\/2021\/02\/IMG_8277-768x1152.jpg 768w, https:\/\/blume-schoene-bilder.de\/wp-content\/uploads\/2021\/02\/IMG_8277-1024x1536.jpg 1024w, https:\/\/blume-schoene-bilder.de\/wp-content\/uploads\/2021\/02\/IMG_8277-1365x2048.jpg 1365w, https:\/\/blume-schoene-bilder.de\/wp-content\/uploads\/2021\/02\/IMG_8277.jpg 1664w\" sizes=\"auto, (max-width: 683px) 100vw, 683px\" \/><\/a><\/figure><div class=\"wp-block-media-text__content\">\n<p><a href=\"https:\/\/blume-schoene-bilder.de\/?page_id=175\">Animal Kingdom<\/a><br>Sch\u00f6ne Bilder von Tieren in sch\u00f6nem Ambiente.<\/p>\n<\/div><\/div>\n\n\n\n<hr class=\"wp-block-separator\"\/>\n\n\n\n<div class=\"wp-block-media-text alignwide is-stacked-on-mobile\" style=\"grid-template-columns:26% auto\"><figure class=\"wp-block-media-text__media\"><a href=\"https:\/\/blume-schoene-bilder.de\/?page_id=207\"><img loading=\"lazy\" decoding=\"async\" width=\"1024\" height=\"683\" src=\"http:\/\/blume-schoene-bilder.de\/wp-content\/uploads\/2020\/11\/IMG_3210-1024x683.jpg\" alt=\"\" class=\"wp-image-44 size-full\" srcset=\"https:\/\/blume-schoene-bilder.de\/wp-content\/uploads\/2020\/11\/IMG_3210-1024x683.jpg 1024w, https:\/\/blume-schoene-bilder.de\/wp-content\/uploads\/2020\/11\/IMG_3210-300x200.jpg 300w, https:\/\/blume-schoene-bilder.de\/wp-content\/uploads\/2020\/11\/IMG_3210-768x512.jpg 768w, https:\/\/blume-schoene-bilder.de\/wp-content\/uploads\/2020\/11\/IMG_3210-1536x1024.jpg 1536w, https:\/\/blume-schoene-bilder.de\/wp-content\/uploads\/2020\/11\/IMG_3210-2048x1365.jpg 2048w\" sizes=\"auto, (max-width: 1024px) 100vw, 1024px\" \/><\/a><\/figure><div class=\"wp-block-media-text__content\">\n<p><a href=\"https:\/\/blume-schoene-bilder.de\/?page_id=207\">Tree To The Sky<\/a><br>Unsere heimlichen Stars&#8230;<\/p>\n<\/div><\/div>\n<\/div>\n<\/div>\n\n\n\n<hr class=\"wp-block-separator\"\/>\n\n\n\n<div class=\"wp-block-media-text alignwide is-stacked-on-mobile\" style=\"grid-template-columns:26% auto\"><figure class=\"wp-block-media-text__media\"><a href=\"https:\/\/blume-schoene-bilder.de\/?page_id=179\"><img loading=\"lazy\" decoding=\"async\" width=\"1024\" height=\"683\" src=\"http:\/\/blume-schoene-bilder.de\/wp-content\/uploads\/2020\/11\/IMG_0026-1024x683.jpg\" alt=\"\" class=\"wp-image-27 size-full\" srcset=\"https:\/\/blume-schoene-bilder.de\/wp-content\/uploads\/2020\/11\/IMG_0026-1024x683.jpg 1024w, https:\/\/blume-schoene-bilder.de\/wp-content\/uploads\/2020\/11\/IMG_0026-300x200.jpg 300w, https:\/\/blume-schoene-bilder.de\/wp-content\/uploads\/2020\/11\/IMG_0026-768x512.jpg 768w, https:\/\/blume-schoene-bilder.de\/wp-content\/uploads\/2020\/11\/IMG_0026-1536x1024.jpg 1536w, https:\/\/blume-schoene-bilder.de\/wp-content\/uploads\/2020\/11\/IMG_0026.jpg 1555w\" sizes=\"auto, (max-width: 1024px) 100vw, 1024px\" \/><\/a><\/figure><div class=\"wp-block-media-text__content\">\n<p><a href=\"https:\/\/blume-schoene-bilder.de\/?page_id=179\">At The Seas<\/a><br>Sch\u00f6ne Bilder, aufgenommen am Meer, der K\u00fcste, Seen&#8230;<\/p>\n<\/div><\/div>\n\n\n\n<hr class=\"wp-block-separator\"\/>\n\n\n\n<div class=\"wp-block-media-text alignwide is-stacked-on-mobile\" style=\"grid-template-columns:26% auto\"><figure class=\"wp-block-media-text__media\"><img loading=\"lazy\" decoding=\"async\" width=\"1024\" height=\"683\" src=\"http:\/\/blume-schoene-bilder.de\/wp-content\/uploads\/2020\/11\/IMG_2529-1024x683.jpg\" alt=\"\" class=\"wp-image-53 size-full\" srcset=\"https:\/\/blume-schoene-bilder.de\/wp-content\/uploads\/2020\/11\/IMG_2529-1024x683.jpg 1024w, https:\/\/blume-schoene-bilder.de\/wp-content\/uploads\/2020\/11\/IMG_2529-300x200.jpg 300w, https:\/\/blume-schoene-bilder.de\/wp-content\/uploads\/2020\/11\/IMG_2529-768x512.jpg 768w, https:\/\/blume-schoene-bilder.de\/wp-content\/uploads\/2020\/11\/IMG_2529-1536x1024.jpg 1536w, https:\/\/blume-schoene-bilder.de\/wp-content\/uploads\/2020\/11\/IMG_2529-2048x1365.jpg 2048w\" sizes=\"auto, (max-width: 1024px) 100vw, 1024px\" \/><\/figure><div class=\"wp-block-media-text__content\">\n<p><a href=\"https:\/\/blume-schoene-bilder.de\/?page_id=211\">Nature En Detail<\/a><br>Sch\u00f6ne Nahaufnahmen und Details von &#8222;Mutter Natur&#8220;<\/p>\n<\/div><\/div>\n\n\n\n<hr class=\"wp-block-separator\"\/>\n\n\n\n<div class=\"wp-block-media-text alignwide is-stacked-on-mobile\" style=\"grid-template-columns:26% auto\"><figure class=\"wp-block-media-text__media\"><a href=\"https:\/\/blume-schoene-bilder.de\/?page_id=216\"><img loading=\"lazy\" decoding=\"async\" width=\"1024\" height=\"683\" src=\"http:\/\/blume-schoene-bilder.de\/wp-content\/uploads\/2020\/11\/IMG_3861-1024x683.jpg\" alt=\"\" class=\"wp-image-46 size-full\" srcset=\"https:\/\/blume-schoene-bilder.de\/wp-content\/uploads\/2020\/11\/IMG_3861-1024x683.jpg 1024w, https:\/\/blume-schoene-bilder.de\/wp-content\/uploads\/2020\/11\/IMG_3861-300x200.jpg 300w, https:\/\/blume-schoene-bilder.de\/wp-content\/uploads\/2020\/11\/IMG_3861-768x512.jpg 768w, https:\/\/blume-schoene-bilder.de\/wp-content\/uploads\/2020\/11\/IMG_3861.jpg 1504w\" sizes=\"auto, (max-width: 1024px) 100vw, 1024px\" \/><\/a><\/figure><div class=\"wp-block-media-text__content\">\n<p><a href=\"https:\/\/blume-schoene-bilder.de\/?page_id=216\">Snow Scenery<\/a><br>Winterwonderland. <br>Pracht in Schnee-Wei\u00df!<\/p>\n<\/div><\/div>\n\n\n\n<hr class=\"wp-block-separator\"\/>\n\n\n\n<div class=\"wp-block-media-text alignwide is-stacked-on-mobile\" style=\"grid-template-columns:18% auto\"><figure class=\"wp-block-media-text__media\"><a href=\"https:\/\/blume-schoene-bilder.de\/?page_id=220\"><img loading=\"lazy\" decoding=\"async\" width=\"683\" height=\"1024\" src=\"http:\/\/blume-schoene-bilder.de\/wp-content\/uploads\/2020\/11\/IMG_0484-Bearbeitet-683x1024.jpg\" alt=\"\" class=\"wp-image-43 size-full\" srcset=\"https:\/\/blume-schoene-bilder.de\/wp-content\/uploads\/2020\/11\/IMG_0484-Bearbeitet-683x1024.jpg 683w, https:\/\/blume-schoene-bilder.de\/wp-content\/uploads\/2020\/11\/IMG_0484-Bearbeitet-200x300.jpg 200w, https:\/\/blume-schoene-bilder.de\/wp-content\/uploads\/2020\/11\/IMG_0484-Bearbeitet-768x1152.jpg 768w, https:\/\/blume-schoene-bilder.de\/wp-content\/uploads\/2020\/11\/IMG_0484-Bearbeitet-1024x1536.jpg 1024w, https:\/\/blume-schoene-bilder.de\/wp-content\/uploads\/2020\/11\/IMG_0484-Bearbeitet-1365x2048.jpg 1365w, https:\/\/blume-schoene-bilder.de\/wp-content\/uploads\/2020\/11\/IMG_0484-Bearbeitet.jpg 1602w\" sizes=\"auto, (max-width: 683px) 100vw, 683px\" \/><\/a><\/figure><div class=\"wp-block-media-text__content\">\n<p><a href=\"https:\/\/blume-schoene-bilder.de\/?page_id=220\">Nature Scenery<\/a><br>Traumhafte Landschaften wunderbar dargestellt.<\/p>\n<\/div><\/div>\n\n\n\n<hr class=\"wp-block-separator\"\/>\n\n\n\n<div class=\"wp-block-media-text alignwide is-stacked-on-mobile\" style=\"grid-template-columns:27% auto\"><figure class=\"wp-block-media-text__media\"><a href=\"https:\/\/blume-schoene-bilder.de\/?page_id=224\"><img loading=\"lazy\" decoding=\"async\" width=\"1024\" height=\"683\" src=\"http:\/\/blume-schoene-bilder.de\/wp-content\/uploads\/2020\/11\/IMG_3294-1024x683.jpg\" alt=\"\" class=\"wp-image-47 size-full\" srcset=\"https:\/\/blume-schoene-bilder.de\/wp-content\/uploads\/2020\/11\/IMG_3294-1024x683.jpg 1024w, https:\/\/blume-schoene-bilder.de\/wp-content\/uploads\/2020\/11\/IMG_3294-300x200.jpg 300w, https:\/\/blume-schoene-bilder.de\/wp-content\/uploads\/2020\/11\/IMG_3294-768x512.jpg 768w, https:\/\/blume-schoene-bilder.de\/wp-content\/uploads\/2020\/11\/IMG_3294-1536x1024.jpg 1536w, https:\/\/blume-schoene-bilder.de\/wp-content\/uploads\/2020\/11\/IMG_3294-2048x1365.jpg 2048w\" sizes=\"auto, (max-width: 1024px) 100vw, 1024px\" \/><\/a><\/figure><div class=\"wp-block-media-text__content\">\n<p><a href=\"https:\/\/blume-schoene-bilder.de\/?page_id=224\">Black &amp; White &#8211; Today<\/a><br>Schwarz-Wei\u00dfe Impressionen unserer bunten Welt<\/p>\n<\/div><\/div>\n\n\n\n<hr class=\"wp-block-separator\"\/>\n\n\n\n<div class=\"wp-block-media-text alignwide is-stacked-on-mobile\" style=\"grid-template-columns:28% auto\"><figure class=\"wp-block-media-text__media\"><a href=\"https:\/\/blume-schoene-bilder.de\/?page_id=228\"><img loading=\"lazy\" decoding=\"async\" width=\"1024\" height=\"761\" src=\"http:\/\/blume-schoene-bilder.de\/wp-content\/uploads\/2021\/02\/A-2-R1-B5-Abzug-3_klein-1-1024x761.jpg\" alt=\"\" class=\"wp-image-279 size-full\" srcset=\"https:\/\/blume-schoene-bilder.de\/wp-content\/uploads\/2021\/02\/A-2-R1-B5-Abzug-3_klein-1-1024x761.jpg 1024w, https:\/\/blume-schoene-bilder.de\/wp-content\/uploads\/2021\/02\/A-2-R1-B5-Abzug-3_klein-1-300x223.jpg 300w, https:\/\/blume-schoene-bilder.de\/wp-content\/uploads\/2021\/02\/A-2-R1-B5-Abzug-3_klein-1-768x571.jpg 768w, https:\/\/blume-schoene-bilder.de\/wp-content\/uploads\/2021\/02\/A-2-R1-B5-Abzug-3_klein-1-1536x1141.jpg 1536w, https:\/\/blume-schoene-bilder.de\/wp-content\/uploads\/2021\/02\/A-2-R1-B5-Abzug-3_klein-1-2048x1522.jpg 2048w\" sizes=\"auto, (max-width: 1024px) 100vw, 1024px\" \/><\/a><\/figure><div class=\"wp-block-media-text__content\">\n<p><a href=\"https:\/\/blume-schoene-bilder.de\/?page_id=228\">Black &amp; White &#8211; The Past<\/a><br>Unsere Sch\u00e4tzchen.<br>Gute alte Analog-Fotografie<\/p>\n<\/div><\/div>\n\n\n\n<p><\/p>\n","protected":false},"excerpt":{"rendered":"<p>Auf dieser Seite sind nur Bilder-Galerien zusammengefasst, deren Bilder Sie bei uns auch erhalten k\u00f6nnen. Wenn Sie also etwas f\u00fcr sich entdecken, sprechen Sie uns doch einfach an! Animal KingdomSch\u00f6ne Bilder von Tieren in sch\u00f6nem Ambiente. Tree To The SkyUnsere heimlichen Stars&#8230; At The SeasSch\u00f6ne Bilder, aufgenommen am Meer, der K\u00fcste, Seen&#8230; Nature En DetailSch\u00f6ne&hellip;<\/p>\n","protected":false},"author":1,"featured_media":0,"parent":0,"menu_order":0,"comment_status":"closed","ping_status":"closed","template":"","meta":{"ngg_post_thumbnail":0,"footnotes":""},"class_list":["post-35","page","type-page","status-publish","hentry","no-post-thumbnail","post-grid-2-col","entry"],"_links":{"self":[{"href":"https:\/\/blume-schoene-bilder.de\/index.php?rest_route=\/wp\/v2\/pages\/35","targetHints":{"allow":["GET"]}}],"collection":[{"href":"https:\/\/blume-schoene-bilder.de\/index.php?rest_route=\/wp\/v2\/pages"}],"about":[{"href":"https:\/\/blume-schoene-bilder.de\/index.php?rest_route=\/wp\/v2\/types\/page"}],"author":[{"embeddable":true,"href":"https:\/\/blume-schoene-bilder.de\/index.php?rest_route=\/wp\/v2\/users\/1"}],"replies":[{"embeddable":true,"href":"https:\/\/blume-schoene-bilder.de\/index.php?rest_route=%2Fwp%2Fv2%2Fcomments&post=35"}],"version-history":[{"count":23,"href":"https:\/\/blume-schoene-bilder.de\/index.php?rest_route=\/wp\/v2\/pages\/35\/revisions"}],"predecessor-version":[{"id":287,"href":"https:\/\/blume-schoene-bilder.de\/index.php?rest_route=\/wp\/v2\/pages\/35\/revisions\/287"}],"wp:attachment":[{"href":"https:\/\/blume-schoene-bilder.de\/index.php?rest_route=%2Fwp%2Fv2%2Fmedia&parent=35"}],"curies":[{"name":"wp","href":"https:\/\/api.w.org\/{rel}","templated":true}]}}