{"id":5,"date":"2020-11-16T11:14:22","date_gmt":"2020-11-16T11:14:22","guid":{"rendered":"http:\/\/blume-schoene-bilder.de\/?page_id=5"},"modified":"2021-09-06T09:51:08","modified_gmt":"2021-09-06T09:51:08","slug":"willkommen","status":"publish","type":"page","link":"https:\/\/blume-schoene-bilder.de\/","title":{"rendered":"Willkommen"},"content":{"rendered":"\n<p class=\"has-medium-font-size\">Herzlich Willkommen in unserem digitalen Laden f\u00fcr Fotografien!<\/p>\n\n\n\n<p class=\"has-medium-font-size\">Hier finden Sie digitale <a href=\"https:\/\/blume-schoene-bilder.de\/?page_id=35\" data-type=\"page\" data-id=\"35\">Galerien<\/a> um einen Eindruck zu erlangen, welche Bilder auch in Ihrem Haus oder auf Ihrer Arbeit h\u00e4ngen k\u00f6nnten. <\/p>\n\n\n\n<figure class=\"wp-block-gallery columns-2 is-cropped wp-block-gallery-1 is-layout-flex wp-block-gallery-is-layout-flex\"><ul class=\"blocks-gallery-grid\"><li class=\"blocks-gallery-item\"><figure><img loading=\"lazy\" decoding=\"async\" width=\"1024\" height=\"683\" src=\"http:\/\/blume-schoene-bilder.de\/wp-content\/uploads\/2020\/11\/20201113-Druckauswahl-1-1024x683.jpg\" alt=\"\" data-id=\"8\" data-full-url=\"http:\/\/blume-schoene-bilder.de\/wp-content\/uploads\/2020\/11\/20201113-Druckauswahl-1-scaled.jpg\" data-link=\"http:\/\/blume-schoene-bilder.de\/?attachment_id=8\" class=\"wp-image-8\" srcset=\"https:\/\/blume-schoene-bilder.de\/wp-content\/uploads\/2020\/11\/20201113-Druckauswahl-1-1024x683.jpg 1024w, https:\/\/blume-schoene-bilder.de\/wp-content\/uploads\/2020\/11\/20201113-Druckauswahl-1-300x200.jpg 300w, https:\/\/blume-schoene-bilder.de\/wp-content\/uploads\/2020\/11\/20201113-Druckauswahl-1-768x512.jpg 768w, https:\/\/blume-schoene-bilder.de\/wp-content\/uploads\/2020\/11\/20201113-Druckauswahl-1-2048x1365.jpg 2048w\" sizes=\"auto, (max-width: 1024px) 100vw, 1024px\" \/><\/figure><\/li><li class=\"blocks-gallery-item\"><figure><img loading=\"lazy\" decoding=\"async\" width=\"1024\" height=\"683\" src=\"http:\/\/blume-schoene-bilder.de\/wp-content\/uploads\/2021\/02\/IMG_6597-1024x683.jpg\" alt=\"\" data-id=\"277\" data-full-url=\"http:\/\/blume-schoene-bilder.de\/wp-content\/uploads\/2021\/02\/IMG_6597-scaled.jpg\" data-link=\"http:\/\/blume-schoene-bilder.de\/?attachment_id=277\" class=\"wp-image-277\" srcset=\"https:\/\/blume-schoene-bilder.de\/wp-content\/uploads\/2021\/02\/IMG_6597-1024x683.jpg 1024w, https:\/\/blume-schoene-bilder.de\/wp-content\/uploads\/2021\/02\/IMG_6597-300x200.jpg 300w, https:\/\/blume-schoene-bilder.de\/wp-content\/uploads\/2021\/02\/IMG_6597-768x512.jpg 768w, https:\/\/blume-schoene-bilder.de\/wp-content\/uploads\/2021\/02\/IMG_6597-1536x1024.jpg 1536w, https:\/\/blume-schoene-bilder.de\/wp-content\/uploads\/2021\/02\/IMG_6597-2048x1366.jpg 2048w\" sizes=\"auto, (max-width: 1024px) 100vw, 1024px\" \/><\/figure><\/li><\/ul><\/figure>\n\n\n\n<p class=\"has-medium-font-size\">Bitte schauen Sie sich ganz in Ruhe in unserem Laden um, vielleicht ist ja das eine oder andere f\u00fcr Sie dabei! Sehr gerne k\u00f6nnen Sie uns auch einfach direkt <a href=\"https:\/\/blume-schoene-bilder.de\/?page_id=19\" data-type=\"page\" data-id=\"19\">kontaktieren<\/a>!<\/p>\n\n\n\n<p class=\"has-medium-font-size\"><\/p>\n\n\n\n<p><\/p>\n","protected":false},"excerpt":{"rendered":"<p>Herzlich Willkommen in unserem digitalen Laden f\u00fcr Fotografien! Hier finden Sie digitale Galerien um einen Eindruck zu erlangen, welche Bilder auch in Ihrem Haus oder auf Ihrer Arbeit h\u00e4ngen k\u00f6nnten. Bitte schauen Sie sich ganz in Ruhe in unserem Laden um, vielleicht ist ja das eine oder andere f\u00fcr Sie dabei! Sehr gerne k\u00f6nnen Sie&hellip;<\/p>\n","protected":false},"author":1,"featured_media":0,"parent":0,"menu_order":0,"comment_status":"closed","ping_status":"closed","template":"","meta":{"ngg_post_thumbnail":0,"footnotes":""},"class_list":["post-5","page","type-page","status-publish","hentry","no-post-thumbnail","post-grid-2-col","entry"],"_links":{"self":[{"href":"https:\/\/blume-schoene-bilder.de\/index.php?rest_route=\/wp\/v2\/pages\/5","targetHints":{"allow":["GET"]}}],"collection":[{"href":"https:\/\/blume-schoene-bilder.de\/index.php?rest_route=\/wp\/v2\/pages"}],"about":[{"href":"https:\/\/blume-schoene-bilder.de\/index.php?rest_route=\/wp\/v2\/types\/page"}],"author":[{"embeddable":true,"href":"https:\/\/blume-schoene-bilder.de\/index.php?rest_route=\/wp\/v2\/users\/1"}],"replies":[{"embeddable":true,"href":"https:\/\/blume-schoene-bilder.de\/index.php?rest_route=%2Fwp%2Fv2%2Fcomments&post=5"}],"version-history":[{"count":8,"href":"https:\/\/blume-schoene-bilder.de\/index.php?rest_route=\/wp\/v2\/pages\/5\/revisions"}],"predecessor-version":[{"id":362,"href":"https:\/\/blume-schoene-bilder.de\/index.php?rest_route=\/wp\/v2\/pages\/5\/revisions\/362"}],"wp:attachment":[{"href":"https:\/\/blume-schoene-bilder.de\/index.php?rest_route=%2Fwp%2Fv2%2Fmedia&parent=5"}],"curies":[{"name":"wp","href":"https:\/\/api.w.org\/{rel}","templated":true}]}}